{"id":41,"date":"2019-02-21T12:02:11","date_gmt":"2019-02-21T12:02:11","guid":{"rendered":"https:\/\/www.felixhavuzsistemleri.com.tr\/?page_id=41"},"modified":"2025-07-23T15:20:09","modified_gmt":"2025-07-23T12:20:09","slug":"iletisim","status":"publish","type":"page","link":"https:\/\/www.felixhavuzsistemleri.com.tr\/en\/iletisim\/","title":{"rendered":"Contact"},"content":{"rendered":"<p>&nbsp;<\/p>\n<p>Kaz\u0131m Dirik Mh. 283 Sok. No 13 Alia\u011fa \u0130zmir<br \/>\n[<br \/>\ninfo@www.felixhavuzsistemleri.com.tr<\/p>","protected":false},"excerpt":{"rendered":"<p>&nbsp; Kaz\u0131m Dirik Mh. 283 Sok. No 13 Alia\u011fa \u0130zmir [ info@www.felixhavuzsistemleri.com.tr<\/p>","protected":false},"author":1,"featured_media":0,"parent":0,"menu_order":0,"comment_status":"closed","ping_status":"closed","template":"","meta":{"footnotes":""},"class_list":["post-41","page","type-page","status-publish","hentry"],"_links":{"self":[{"href":"https:\/\/www.felixhavuzsistemleri.com.tr\/en\/wp-json\/wp\/v2\/pages\/41","targetHints":{"allow":["GET"]}}],"collection":[{"href":"https:\/\/www.felixhavuzsistemleri.com.tr\/en\/wp-json\/wp\/v2\/pages"}],"about":[{"href":"https:\/\/www.felixhavuzsistemleri.com.tr\/en\/wp-json\/wp\/v2\/types\/page"}],"author":[{"embeddable":true,"href":"https:\/\/www.felixhavuzsistemleri.com.tr\/en\/wp-json\/wp\/v2\/users\/1"}],"replies":[{"embeddable":true,"href":"https:\/\/www.felixhavuzsistemleri.com.tr\/en\/wp-json\/wp\/v2\/comments?post=41"}],"version-history":[{"count":6,"href":"https:\/\/www.felixhavuzsistemleri.com.tr\/en\/wp-json\/wp\/v2\/pages\/41\/revisions"}],"predecessor-version":[{"id":910,"href":"https:\/\/www.felixhavuzsistemleri.com.tr\/en\/wp-json\/wp\/v2\/pages\/41\/revisions\/910"}],"wp:attachment":[{"href":"https:\/\/www.felixhavuzsistemleri.com.tr\/en\/wp-json\/wp\/v2\/media?parent=41"}],"curies":[{"name":"wp","href":"https:\/\/api.w.org\/{rel}","templated":true}]}}