{"id":144,"date":"2019-02-22T09:05:17","date_gmt":"2019-02-22T09:05:17","guid":{"rendered":"https:\/\/www.felixhavuzsistemleri.com.tr\/?page_id=144"},"modified":"2021-11-22T09:02:03","modified_gmt":"2021-11-22T06:02:03","slug":"kurumsal","status":"publish","type":"page","link":"https:\/\/www.felixhavuzsistemleri.com.tr\/en\/kurumsal\/","title":{"rendered":"About Us"},"content":{"rendered":"<p>Y\u0131llar\u0131n vermi\u015f oldu\u011fu deneyim ile G\u00fczel \u0130zmir\u2019imizin g\u00fczelliklerine g\u00fczellik katan firmam\u0131z , yapt\u0131\u011f\u0131 \u00e7al\u0131\u015fmalar ile her zaman m\u00fc\u015fterilerinin be\u011fenisini kazanmaya odaklanm\u0131\u015ft\u0131r. Dekorasyon ustal\u0131\u011f\u0131 ile ev ve i\u015f yerlerinizde teknik ve estetik de\u011ferler \u00fcreten firmam\u0131z i\u00e7 mekan ve d\u0131\u015f mekan \u00e7al\u0131\u015fmalar\u0131n\u0131 itina ile yapmaktad\u0131r. En kaliteli malzemeyi en iyi i\u015f\u00e7ilik ile birle\u015ftiren firmam\u0131z sizlere en iyi hizmeti de b\u00fct\u00e7enize uygun en iyi fiyat garantisi vermektedir. Nitelikli estetik ve ekonomik dekorasyon i\u015f\u00e7ili\u011fi ar\u0131yorsan\u0131z, ho\u015fgeldiniz, do\u011fru adrestesiniz!<\/p>\n<p>&nbsp;<\/p>\n<p><img loading=\"lazy\" decoding=\"async\" class=\"alignnone size-full wp-image-158\" src=\"https:\/\/www.felixhavuzsistemleri.com.tr\/wp-content\/uploads\/2019\/02\/logo1.png\" alt=\"\" width=\"344\" height=\"120\" \/><\/p>","protected":false},"excerpt":{"rendered":"<p>Y\u0131llar\u0131n vermi\u015f oldu\u011fu deneyim ile G\u00fczel \u0130zmir\u2019imizin g\u00fczelliklerine g\u00fczellik katan firmam\u0131z , yapt\u0131\u011f\u0131 \u00e7al\u0131\u015fmalar ile her zaman m\u00fc\u015fterilerinin be\u011fenisini kazanmaya odaklanm\u0131\u015ft\u0131r. Dekorasyon ustal\u0131\u011f\u0131 ile ev ve i\u015f yerlerinizde teknik ve estetik de\u011ferler \u00fcreten firmam\u0131z i\u00e7 mekan ve d\u0131\u015f mekan \u00e7al\u0131\u015fmalar\u0131n\u0131 itina ile yapmaktad\u0131r. En kaliteli malzemeyi en iyi i\u015f\u00e7ilik ile birle\u015ftiren firmam\u0131z sizlere en iyi<\/p>","protected":false},"author":1,"featured_media":0,"parent":0,"menu_order":0,"comment_status":"closed","ping_status":"closed","template":"","meta":{"footnotes":""},"class_list":["post-144","page","type-page","status-publish","hentry"],"_links":{"self":[{"href":"https:\/\/www.felixhavuzsistemleri.com.tr\/en\/wp-json\/wp\/v2\/pages\/144","targetHints":{"allow":["GET"]}}],"collection":[{"href":"https:\/\/www.felixhavuzsistemleri.com.tr\/en\/wp-json\/wp\/v2\/pages"}],"about":[{"href":"https:\/\/www.felixhavuzsistemleri.com.tr\/en\/wp-json\/wp\/v2\/types\/page"}],"author":[{"embeddable":true,"href":"https:\/\/www.felixhavuzsistemleri.com.tr\/en\/wp-json\/wp\/v2\/users\/1"}],"replies":[{"embeddable":true,"href":"https:\/\/www.felixhavuzsistemleri.com.tr\/en\/wp-json\/wp\/v2\/comments?post=144"}],"version-history":[{"count":5,"href":"https:\/\/www.felixhavuzsistemleri.com.tr\/en\/wp-json\/wp\/v2\/pages\/144\/revisions"}],"predecessor-version":[{"id":484,"href":"https:\/\/www.felixhavuzsistemleri.com.tr\/en\/wp-json\/wp\/v2\/pages\/144\/revisions\/484"}],"wp:attachment":[{"href":"https:\/\/www.felixhavuzsistemleri.com.tr\/en\/wp-json\/wp\/v2\/media?parent=144"}],"curies":[{"name":"wp","href":"https:\/\/api.w.org\/{rel}","templated":true}]}}